{"id":748,"date":"2016-07-27T18:59:35","date_gmt":"2016-07-27T21:59:35","guid":{"rendered":"http:\/\/consultrhmg.com\/site\/?page_id=748"},"modified":"2016-08-04T21:29:48","modified_gmt":"2016-08-05T00:29:48","slug":"servicos","status":"publish","type":"page","link":"https:\/\/consultrhmg.com.br\/site\/servicos\/","title":{"rendered":"Servi\u00e7os"},"content":{"rendered":"<p>[vc_row][vc_column][vc_column_text]<\/p>\n<p class=\"lead\" style=\"text-align: center;\">A Consult RH presta servi\u00e7os customizados que busca alinhar as de necessidades dos clientes com as demandas do mercado de Trabalho.<\/p>\n<p>[\/vc_column_text][\/vc_column][\/vc_row][vc_row][vc_column width=&#8221;1\/3&#8243;]\n\t\t<div class=\"lp30 rp30 text-center wow fadeInUp\" data-wow-duration=\"1s\" data-wow-delay=\"0s\">\n\t\t\t<div class=\"icon icon-m bm20\">\n\t\t\t\t<img width=\"617\" height=\"303\" src=\"https:\/\/consultrhmg.com.br\/site\/wp-content\/uploads\/2016\/08\/imgpsh_fullsize-7.jpg\" class=\"attachment-full size-full\" alt=\"\" loading=\"lazy\" srcset=\"https:\/\/consultrhmg.com.br\/site\/wp-content\/uploads\/2016\/08\/imgpsh_fullsize-7.jpg 617w, https:\/\/consultrhmg.com.br\/site\/wp-content\/uploads\/2016\/08\/imgpsh_fullsize-7-300x147.jpg 300w\" sizes=\"(max-width: 617px) 100vw, 617px\" \/>\n\t\t\t<\/div>\n\t\t\t<p>Desenvolvimento Pessoal<\/p>\n\n\t\t<\/div><!--\/column -->\n\t[\/vc_column][vc_column width=&#8221;1\/3&#8243;]\n\t\t<div class=\"lp30 rp30 text-center wow fadeInUp\" data-wow-duration=\"1s\" data-wow-delay=\"0s\">\n\t\t\t<div class=\"icon icon-m bm20\">\n\t\t\t\t<img width=\"883\" height=\"515\" src=\"https:\/\/consultrhmg.com.br\/site\/wp-content\/uploads\/2016\/08\/imgpsh_fullsize-5.jpg\" class=\"attachment-full size-full\" alt=\"\" loading=\"lazy\" srcset=\"https:\/\/consultrhmg.com.br\/site\/wp-content\/uploads\/2016\/08\/imgpsh_fullsize-5.jpg 883w, https:\/\/consultrhmg.com.br\/site\/wp-content\/uploads\/2016\/08\/imgpsh_fullsize-5-300x175.jpg 300w, https:\/\/consultrhmg.com.br\/site\/wp-content\/uploads\/2016\/08\/imgpsh_fullsize-5-768x448.jpg 768w\" sizes=\"(max-width: 883px) 100vw, 883px\" \/>\n\t\t\t<\/div>\n\t\t\t<p>Consultoria em RH<\/p>\n\n\t\t<\/div><!--\/column -->\n\t[\/vc_column][vc_column width=&#8221;1\/3&#8243;]\n\t\t<div class=\"lp30 rp30 text-center wow fadeInUp\" data-wow-duration=\"1s\" data-wow-delay=\"0s\">\n\t\t\t<div class=\"icon icon-m bm20\">\n\t\t\t\t<img width=\"698\" height=\"400\" src=\"https:\/\/consultrhmg.com.br\/site\/wp-content\/uploads\/2016\/07\/imgpsh_fullsize-1.jpg\" class=\"attachment-full size-full\" alt=\"\" loading=\"lazy\" srcset=\"https:\/\/consultrhmg.com.br\/site\/wp-content\/uploads\/2016\/07\/imgpsh_fullsize-1.jpg 698w, https:\/\/consultrhmg.com.br\/site\/wp-content\/uploads\/2016\/07\/imgpsh_fullsize-1-300x172.jpg 300w\" sizes=\"(max-width: 698px) 100vw, 698px\" \/>\n\t\t\t<\/div>\n\t\t\t<p>Avalia\u00e7\u00e3o Perfil Profissional<\/p>\n\n\t\t<\/div><!--\/column -->\n\t[\/vc_column][vc_column width=&#8221;1\/3&#8243;]\n\t\t<div class=\"lp30 rp30 text-center wow fadeInUp\" data-wow-duration=\"1s\" data-wow-delay=\"0s\">\n\t\t\t<div class=\"icon icon-m bm20\">\n\t\t\t\t<img width=\"800\" height=\"565\" src=\"https:\/\/consultrhmg.com.br\/site\/wp-content\/uploads\/2016\/07\/imgpsh_fullsize-1.png\" class=\"attachment-full size-full\" alt=\"\" loading=\"lazy\" srcset=\"https:\/\/consultrhmg.com.br\/site\/wp-content\/uploads\/2016\/07\/imgpsh_fullsize-1.png 800w, https:\/\/consultrhmg.com.br\/site\/wp-content\/uploads\/2016\/07\/imgpsh_fullsize-1-300x212.png 300w, https:\/\/consultrhmg.com.br\/site\/wp-content\/uploads\/2016\/07\/imgpsh_fullsize-1-768x542.png 768w\" sizes=\"(max-width: 800px) 100vw, 800px\" \/>\n\t\t\t<\/div>\n\t\t\t<p>Gest\u00e3o Estrat\u00e9gica<\/p>\n\n\t\t<\/div><!--\/column -->\n\t[\/vc_column][vc_column width=&#8221;1\/3&#8243;]\n\t\t<div class=\"lp30 rp30 text-center wow fadeInUp\" data-wow-duration=\"1s\" data-wow-delay=\"0s\">\n\t\t\t<div class=\"icon icon-m bm20\">\n\t\t\t\t<img width=\"225\" height=\"225\" src=\"https:\/\/consultrhmg.com.br\/site\/wp-content\/uploads\/2016\/08\/imgpsh_fullsize-4.jpg\" class=\"attachment-full size-full\" alt=\"\" loading=\"lazy\" srcset=\"https:\/\/consultrhmg.com.br\/site\/wp-content\/uploads\/2016\/08\/imgpsh_fullsize-4.jpg 225w, https:\/\/consultrhmg.com.br\/site\/wp-content\/uploads\/2016\/08\/imgpsh_fullsize-4-150x150.jpg 150w, https:\/\/consultrhmg.com.br\/site\/wp-content\/uploads\/2016\/08\/imgpsh_fullsize-4-85x85.jpg 85w\" sizes=\"(max-width: 225px) 100vw, 225px\" \/>\n\t\t\t<\/div>\n\t\t\t<p>Avalia\u00e7\u00e3o Psicol\u00f3gica<\/p>\n\n\t\t<\/div><!--\/column -->\n\t[\/vc_column][vc_column width=&#8221;1\/3&#8243;]\n\t\t<div class=\"lp30 rp30 text-center wow fadeInUp\" data-wow-duration=\"1s\" data-wow-delay=\"0s\">\n\t\t\t<div class=\"icon icon-m bm20\">\n\t\t\t\t<img width=\"280\" height=\"350\" src=\"https:\/\/consultrhmg.com.br\/site\/wp-content\/uploads\/2016\/08\/imgpsh_fullsize-6.jpg\" class=\"attachment-full size-full\" alt=\"\" loading=\"lazy\" srcset=\"https:\/\/consultrhmg.com.br\/site\/wp-content\/uploads\/2016\/08\/imgpsh_fullsize-6.jpg 280w, https:\/\/consultrhmg.com.br\/site\/wp-content\/uploads\/2016\/08\/imgpsh_fullsize-6-240x300.jpg 240w\" sizes=\"(max-width: 280px) 100vw, 280px\" \/>\n\t\t\t<\/div>\n\t\t\t<p>Avalia\u00e7\u00e3o Neuropsicol\u00f3gica<\/p>\n\n\t\t<\/div><!--\/column -->\n\t[\/vc_column][vc_column width=&#8221;1\/3&#8243;]\n\t\t<div class=\"lp30 rp30 text-center wow fadeInUp\" data-wow-duration=\"1s\" data-wow-delay=\"0s\">\n\t\t\t<div class=\"icon icon-m bm20\">\n\t\t\t\t<img width=\"904\" height=\"553\" src=\"https:\/\/consultrhmg.com.br\/site\/wp-content\/uploads\/2016\/08\/imgpsh_fullsize-3.jpg\" class=\"attachment-full size-full\" alt=\"\" loading=\"lazy\" srcset=\"https:\/\/consultrhmg.com.br\/site\/wp-content\/uploads\/2016\/08\/imgpsh_fullsize-3.jpg 904w, https:\/\/consultrhmg.com.br\/site\/wp-content\/uploads\/2016\/08\/imgpsh_fullsize-3-300x184.jpg 300w, https:\/\/consultrhmg.com.br\/site\/wp-content\/uploads\/2016\/08\/imgpsh_fullsize-3-768x470.jpg 768w\" sizes=\"(max-width: 904px) 100vw, 904px\" \/>\n\t\t\t<\/div>\n\t\t\t<p>Recrutamento & Sele\u00e7\u00e3o<\/p>\n\n\t\t<\/div><!--\/column -->\n\t[\/vc_column][vc_column width=&#8221;1\/3&#8243;]\n\t\t<div class=\"lp30 rp30 text-center wow fadeInUp\" data-wow-duration=\"1s\" data-wow-delay=\"0s\">\n\t\t\t<div class=\"icon icon-m bm20\">\n\t\t\t\t<img width=\"723\" height=\"474\" src=\"https:\/\/consultrhmg.com.br\/site\/wp-content\/uploads\/2016\/08\/imgpsh_fullsize-9.jpg\" class=\"attachment-full size-full\" alt=\"\" loading=\"lazy\" srcset=\"https:\/\/consultrhmg.com.br\/site\/wp-content\/uploads\/2016\/08\/imgpsh_fullsize-9.jpg 723w, https:\/\/consultrhmg.com.br\/site\/wp-content\/uploads\/2016\/08\/imgpsh_fullsize-9-300x197.jpg 300w\" sizes=\"(max-width: 723px) 100vw, 723px\" \/>\n\t\t\t<\/div>\n\t\t\t<p>Plano de Cargos e Sal\u00e1rios<\/p>\n\n\t\t<\/div><!--\/column -->\n\t[\/vc_column][vc_column width=&#8221;1\/3&#8243;]\n\t\t<div class=\"lp30 rp30 text-center wow fadeInUp\" data-wow-duration=\"1s\" data-wow-delay=\"0s\">\n\t\t\t<div class=\"icon icon-m bm20\">\n\t\t\t\t<img width=\"417\" height=\"240\" src=\"https:\/\/consultrhmg.com.br\/site\/wp-content\/uploads\/2016\/08\/imgpsh_fullsize-10-e1470358057130.jpg\" class=\"attachment-full size-full\" alt=\"\" loading=\"lazy\" srcset=\"https:\/\/consultrhmg.com.br\/site\/wp-content\/uploads\/2016\/08\/imgpsh_fullsize-10-e1470358057130.jpg 417w, https:\/\/consultrhmg.com.br\/site\/wp-content\/uploads\/2016\/08\/imgpsh_fullsize-10-e1470358057130-300x173.jpg 300w\" sizes=\"(max-width: 417px) 100vw, 417px\" \/>\n\t\t\t<\/div>\n\t\t\t<p>Pesquisa de Clima e Diagn\u00f3stico Organizacional<\/p>\n\n\t\t<\/div><!--\/column -->\n\t[\/vc_column][\/vc_row]<\/p>\n","protected":false},"excerpt":{"rendered":"<p>[vc_row][vc_column][vc_column_text] A Consult RH presta servi\u00e7os customizados que busca alinhar as de necessidades dos clientes com as demandas do mercado de Trabalho. [\/vc_column_text][\/vc_column][\/vc_row][vc_row][vc_column width=&#8221;1\/3&#8243;][\/vc_column][vc_column width=&#8221;1\/3&#8243;][\/vc_column][vc_column width=&#8221;1\/3&#8243;][\/vc_column][vc_column width=&#8221;1\/3&#8243;][\/vc_column][vc_column width=&#8221;1\/3&#8243;][\/vc_column][vc_column width=&#8221;1\/3&#8243;][\/vc_column][vc_column width=&#8221;1\/3&#8243;][\/vc_column][vc_column width=&#8221;1\/3&#8243;][\/vc_column][vc_column width=&#8221;1\/3&#8243;][\/vc_column][\/vc_row]<\/p>\n","protected":false},"author":1,"featured_media":0,"parent":0,"menu_order":0,"comment_status":"closed","ping_status":"closed","template":"","meta":[],"_links":{"self":[{"href":"https:\/\/consultrhmg.com.br\/site\/wp-json\/wp\/v2\/pages\/748"}],"collection":[{"href":"https:\/\/consultrhmg.com.br\/site\/wp-json\/wp\/v2\/pages"}],"about":[{"href":"https:\/\/consultrhmg.com.br\/site\/wp-json\/wp\/v2\/types\/page"}],"author":[{"embeddable":true,"href":"https:\/\/consultrhmg.com.br\/site\/wp-json\/wp\/v2\/users\/1"}],"replies":[{"embeddable":true,"href":"https:\/\/consultrhmg.com.br\/site\/wp-json\/wp\/v2\/comments?post=748"}],"version-history":[{"count":21,"href":"https:\/\/consultrhmg.com.br\/site\/wp-json\/wp\/v2\/pages\/748\/revisions"}],"predecessor-version":[{"id":955,"href":"https:\/\/consultrhmg.com.br\/site\/wp-json\/wp\/v2\/pages\/748\/revisions\/955"}],"wp:attachment":[{"href":"https:\/\/consultrhmg.com.br\/site\/wp-json\/wp\/v2\/media?parent=748"}],"curies":[{"name":"wp","href":"https:\/\/api.w.org\/{rel}","templated":true}]}}