{"id":836,"date":"2016-07-28T12:24:11","date_gmt":"2016-07-28T15:24:11","guid":{"rendered":"http:\/\/consultrhmg.com\/site\/?page_id=836"},"modified":"2018-01-15T17:23:03","modified_gmt":"2018-01-15T19:23:03","slug":"contato","status":"publish","type":"page","link":"https:\/\/consultrhmg.com.br\/site\/contato\/","title":{"rendered":"Contato"},"content":{"rendered":"<p>[vc_row][vc_column]\n\t\t<div class=\"section-title text-center\">\n\t\t\t<h2>Informa\u00e7\u00f5es de Contato<\/h2>\n\t\t\t<p class=\"lead thin\"><\/p>\n\t\t<\/div><!-- \/.section-title -->\n\t[vc_row_inner][vc_column_inner width=&#8221;1\/2&#8243;]<div class=\"map-wrapper\"><div id=\"map\" class=\"158\" style=\"height: 180px;\"> <\/div><\/div><script type='text\/javascript'>\n\t\t\t\t\tjQuery(document).ready(function($){\n\t\t\t\t\t'use strict';\n\t\t\t\t\t\n\t\t\t\t\t\tjQuery('#map.158').goMap({ address: 'Av. Get\u00falio Vargas, 668, 6\u00ba andar, sala 602 - Savassi, Belo Horizonte - MG',\n\t\t\t\t\t\t  zoom: 15,\n\t\t\t\t\t\t  mapTypeControl: true,\n\t\t\t\t\t      draggable: false,\n\t\t\t\t\t      scrollwheel: false,\n\t\t\t\t\t      streetViewControl: true,\n\t\t\t\t\t      maptype: 'ROADMAP',\n\t\t\t\t    \t  markers: [\n\t\t\t\t    \t\t{ 'address' : 'Av. Get\u00falio Vargas, 668, 6\u00ba andar, sala 602 - Savassi, Belo Horizonte - MG' }\n\t\t\t\t    \t  ],\n\t\t\t\t\t\t  icon: '', \n\t\t\t\t\t\t  addMarker: false,\n\t\t\t\t\t\t});\n\t\t\t\t\t\t\n\t\t\t\t\t\tvar styles = [{stylers:[{saturation:-100},{gamma:1}]},{elementType:'labels.text.stroke',stylers:[{visibility:'off'}]},{featureType:'poi.business',elementType:'labels.text',stylers:[{visibility:'off'}]},{featureType:'poi.business',elementType:'labels.icon',stylers:[{visibility:'off'}]},{featureType:'poi.place_of_worship',elementType:'labels.text',stylers:[{visibility:'off'}]},{featureType:'poi.place_of_worship',elementType:'labels.icon',stylers:[{visibility:'off'}]},{featureType:'road',elementType:'geometry',stylers:[{visibility:'simplified'}]},{featureType:'water',stylers:[{visibility:'on'},{saturation:50},{gamma:0},{hue:'#50a5d1'}]},{featureType:'administrative.neighborhood',elementType:'labels.text.fill',stylers:[{color:'#333333'}]},{featureType:'road.local',elementType:'labels.text',stylers:[{weight:0.5},{color:'#333333'}]},{featureType:'transit.station',elementType:'labels.icon',stylers:[{gamma:1},{saturation:50}]}];\n\t\t\t\t\t\t\n\t\t\t\t\t\tjQuery.goMap.setMap({styles: styles});\n\t\t\t\t\t\n\t\t\t\t\t});\n\t\t\t  <\/script>[vc_empty_space height=&#8221;15px&#8221;][vc_raw_html]JTNDdWwlMjBjbGFzcyUzRCUyMmluZm8lMjBsaXN0LWlubGluZSUyMiUzRSUwQSUyMCUwOSUzQ2xpJTNFJTNDaSUyMGNsYXNzJTNEJTIyaW9uLWlvcy1sb2NhdGlvbiUyMiUzRSUzQyUyRmklM0UlMjBBdi4lMjBHZXQlQzMlQkFsaW8lMjBWYXJnYXMlMkMlMjA2NjglMkMlMjA2JUMyJUJBJTIwYW5kYXIlMkMlMjBzYWxhJTIwNjAyJTIwLSUyMFNhdmFzc2klMkMlMjBCZWxvJTIwSG9yaXpvbnRlJTIwLSUyME1HJTNDJTJGbGklM0UlMEElMjAlMDklM0NsaSUzRSUzQ2klMjBjbGFzcyUzRCUyMmlvbi1hbmRyb2lkLW1haWwlMjIlM0UlM0MlMkZpJTNFJTNDYSUyMGNsYXNzJTNEJTIybm9jb2xvciUyMiUyMGhyZWYlM0QlMjJtYWlsdG8lM0Fjb250YXRvJTQwY29uc3VsdHJobWcuY29tJTIyJTNFY29udGF0byU0MGNvbnN1bHRyaG1nLmNvbSUzQyUyRmElM0UlM0MlMkZsaSUzRSUwQSUyMCUwOSUzQ2xpJTNFJTNDaSUyMGNsYXNzJTNEJTIyaW9uLWhlYWRwaG9uZSUyMiUzRSUzQyUyRmklM0UlMjgzMSUyOSUyMDMxJTIwMzY1MyUyMDcwNDklMjAlM0MlMkZsaSUzRSUwQSUzQyUyRnVsJTNF[\/vc_raw_html][vc_separator]<div class=\"map-wrapper\"><div id=\"map\" class=\"133\" style=\"height: 180px;\"> <\/div><\/div><script type='text\/javascript'>\n\t\t\t\t\tjQuery(document).ready(function($){\n\t\t\t\t\t'use strict';\n\t\t\t\t\t\n\t\t\t\t\t\tjQuery('#map.133').goMap({ address: 'Av. Jair Dantas, 307, sala 305 - Jos\u00e9 Brand\u00e3o, Caet\u00e9 - MG',\n\t\t\t\t\t\t  zoom: 15,\n\t\t\t\t\t\t  mapTypeControl: true,\n\t\t\t\t\t      draggable: false,\n\t\t\t\t\t      scrollwheel: false,\n\t\t\t\t\t      streetViewControl: true,\n\t\t\t\t\t      maptype: 'ROADMAP',\n\t\t\t\t    \t  markers: [\n\t\t\t\t    \t\t{ 'address' : 'Av. Jair Dantas, 307, sala 305 - Jos\u00e9 Brand\u00e3o, Caet\u00e9 - MG' }\n\t\t\t\t    \t  ],\n\t\t\t\t\t\t  icon: '', \n\t\t\t\t\t\t  addMarker: false,\n\t\t\t\t\t\t});\n\t\t\t\t\t\t\n\t\t\t\t\t\tvar styles = [{stylers:[{saturation:-100},{gamma:1}]},{elementType:'labels.text.stroke',stylers:[{visibility:'off'}]},{featureType:'poi.business',elementType:'labels.text',stylers:[{visibility:'off'}]},{featureType:'poi.business',elementType:'labels.icon',stylers:[{visibility:'off'}]},{featureType:'poi.place_of_worship',elementType:'labels.text',stylers:[{visibility:'off'}]},{featureType:'poi.place_of_worship',elementType:'labels.icon',stylers:[{visibility:'off'}]},{featureType:'road',elementType:'geometry',stylers:[{visibility:'simplified'}]},{featureType:'water',stylers:[{visibility:'on'},{saturation:50},{gamma:0},{hue:'#50a5d1'}]},{featureType:'administrative.neighborhood',elementType:'labels.text.fill',stylers:[{color:'#333333'}]},{featureType:'road.local',elementType:'labels.text',stylers:[{weight:0.5},{color:'#333333'}]},{featureType:'transit.station',elementType:'labels.icon',stylers:[{gamma:1},{saturation:50}]}];\n\t\t\t\t\t\t\n\t\t\t\t\t\tjQuery.goMap.setMap({styles: styles});\n\t\t\t\t\t\n\t\t\t\t\t});\n\t\t\t  <\/script>[vc_empty_space height=&#8221;15px&#8221;][vc_raw_html]JTNDdWwlMjBjbGFzcyUzRCUyMmluZm8lMjBsaXN0LWlubGluZSUyMiUzRSUwQSUyMCUwOSUzQ2xpJTNFJTNDaSUyMGNsYXNzJTNEJTIyaW9uLWlvcy1sb2NhdGlvbiUyMiUzRSUzQyUyRmklM0VBdi4lMjBKYWlyJTIwRGFudGFzJTJDJTIwMzA3JTJDJTIwc2FsYSUyMDMwNSUyMC0lMjBKb3MlQzMlQTklMjBCcmFuZCVDMyVBM28lMkMlMjBDYWV0JUMzJUE5JTIwLSUyME1HJTNDJTJGbGklM0UlMEElMjAlMDklM0NsaSUzRSUzQ2klMjBjbGFzcyUzRCUyMmlvbi1hbmRyb2lkLW1haWwlMjIlM0UlM0MlMkZpJTNFJTNDYSUyMGNsYXNzJTNEJTIybm9jb2xvciUyMiUyMGhyZWYlM0QlMjJtYWlsdG8lM0Fjb250YXRvJTQwY29uc3VsdHJobWcuY29tJTIyJTNFY29udGF0byU0MGNvbnN1bHRyaG1nLmNvbSUzQyUyRmElM0UlM0MlMkZsaSUzRSUwQSUyMCUwOSUzQ2xpJTNFJTNDaSUyMGNsYXNzJTNEJTIyaW9uLWhlYWRwaG9uZSUyMiUzRSUzQyUyRmklM0UlMjgzMSUyOSUyMDM2NTEtMDIzNiUzQyUyRmxpJTNFJTBBJTNDJTJGdWwlM0U=[\/vc_raw_html][\/vc_column_inner][vc_column_inner width=&#8221;1\/2&#8243;][contact-form-7 404 \"N\u00e3o encontrado\"][\/vc_column_inner][\/vc_row_inner][\/vc_column][\/vc_row]<\/p>\n","protected":false},"excerpt":{"rendered":"<p>[vc_row][vc_column][vc_row_inner][vc_column_inner width=&#8221;1\/2&#8243;][vc_empty_space height=&#8221;15px&#8221;][vc_raw_html]JTNDdWwlMjBjbGFzcyUzRCUyMmluZm8lMjBsaXN0LWlubGluZSUyMiUzRSUwQSUyMCUwOSUzQ2xpJTNFJTNDaSUyMGNsYXNzJTNEJTIyaW9uLWlvcy1sb2NhdGlvbiUyMiUzRSUzQyUyRmklM0UlMjBBdi4lMjBHZXQlQzMlQkFsaW8lMjBWYXJnYXMlMkMlMjA2NjglMkMlMjA2JUMyJUJBJTIwYW5kYXIlMkMlMjBzYWxhJTIwNjAyJTIwLSUyMFNhdmFzc2klMkMlMjBCZWxvJTIwSG9yaXpvbnRlJTIwLSUyME1HJTNDJTJGbGklM0UlMEElMjAlMDklM0NsaSUzRSUzQ2klMjBjbGFzcyUzRCUyMmlvbi1hbmRyb2lkLW1haWwlMjIlM0UlM0MlMkZpJTNFJTNDYSUyMGNsYXNzJTNEJTIybm9jb2xvciUyMiUyMGhyZWYlM0QlMjJtYWlsdG8lM0Fjb250YXRvJTQwY29uc3VsdHJobWcuY29tJTIyJTNFY29udGF0byU0MGNvbnN1bHRyaG1nLmNvbSUzQyUyRmElM0UlM0MlMkZsaSUzRSUwQSUyMCUwOSUzQ2xpJTNFJTNDaSUyMGNsYXNzJTNEJTIyaW9uLWhlYWRwaG9uZSUyMiUzRSUzQyUyRmklM0UlMjgzMSUyOSUyMDMxJTIwMzY1MyUyMDcwNDklMjAlM0MlMkZsaSUzRSUwQSUzQyUyRnVsJTNF[\/vc_raw_html][vc_separator][vc_empty_space height=&#8221;15px&#8221;][vc_raw_html]JTNDdWwlMjBjbGFzcyUzRCUyMmluZm8lMjBsaXN0LWlubGluZSUyMiUzRSUwQSUyMCUwOSUzQ2xpJTNFJTNDaSUyMGNsYXNzJTNEJTIyaW9uLWlvcy1sb2NhdGlvbiUyMiUzRSUzQyUyRmklM0VBdi4lMjBKYWlyJTIwRGFudGFzJTJDJTIwMzA3JTJDJTIwc2FsYSUyMDMwNSUyMC0lMjBKb3MlQzMlQTklMjBCcmFuZCVDMyVBM28lMkMlMjBDYWV0JUMzJUE5JTIwLSUyME1HJTNDJTJGbGklM0UlMEElMjAlMDklM0NsaSUzRSUzQ2klMjBjbGFzcyUzRCUyMmlvbi1hbmRyb2lkLW1haWwlMjIlM0UlM0MlMkZpJTNFJTNDYSUyMGNsYXNzJTNEJTIybm9jb2xvciUyMiUyMGhyZWYlM0QlMjJtYWlsdG8lM0Fjb250YXRvJTQwY29uc3VsdHJobWcuY29tJTIyJTNFY29udGF0byU0MGNvbnN1bHRyaG1nLmNvbSUzQyUyRmElM0UlM0MlMkZsaSUzRSUwQSUyMCUwOSUzQ2xpJTNFJTNDaSUyMGNsYXNzJTNEJTIyaW9uLWhlYWRwaG9uZSUyMiUzRSUzQyUyRmklM0UlMjgzMSUyOSUyMDM2NTEtMDIzNiUzQyUyRmxpJTNFJTBBJTNDJTJGdWwlM0U=[\/vc_raw_html][\/vc_column_inner][vc_column_inner width=&#8221;1\/2&#8243;][\/vc_column_inner][\/vc_row_inner][\/vc_column][\/vc_row]<\/p>\n","protected":false},"author":1,"featured_media":0,"parent":0,"menu_order":0,"comment_status":"closed","ping_status":"closed","template":"","meta":[],"_links":{"self":[{"href":"https:\/\/consultrhmg.com.br\/site\/wp-json\/wp\/v2\/pages\/836"}],"collection":[{"href":"https:\/\/consultrhmg.com.br\/site\/wp-json\/wp\/v2\/pages"}],"about":[{"href":"https:\/\/consultrhmg.com.br\/site\/wp-json\/wp\/v2\/types\/page"}],"author":[{"embeddable":true,"href":"https:\/\/consultrhmg.com.br\/site\/wp-json\/wp\/v2\/users\/1"}],"replies":[{"embeddable":true,"href":"https:\/\/consultrhmg.com.br\/site\/wp-json\/wp\/v2\/comments?post=836"}],"version-history":[{"count":9,"href":"https:\/\/consultrhmg.com.br\/site\/wp-json\/wp\/v2\/pages\/836\/revisions"}],"predecessor-version":[{"id":1195,"href":"https:\/\/consultrhmg.com.br\/site\/wp-json\/wp\/v2\/pages\/836\/revisions\/1195"}],"wp:attachment":[{"href":"https:\/\/consultrhmg.com.br\/site\/wp-json\/wp\/v2\/media?parent=836"}],"curies":[{"name":"wp","href":"https:\/\/api.w.org\/{rel}","templated":true}]}}